{"id":32664,"date":"2024-11-02T17:42:05","date_gmt":"2024-11-02T15:42:05","guid":{"rendered":"https:\/\/squishy-official.com\/de\/?post_type=product&#038;p=32664"},"modified":"2025-02-04T12:56:31","modified_gmt":"2025-02-04T10:56:31","slug":"squishy-zombie-squishy-zombie","status":"publish","type":"product","link":"https:\/\/squishy-official.com\/de\/produkt\/squishy-zombie-squishy-zombie\/","title":{"rendered":"Squishy Zombie &#8211; Squishy Zombie"},"content":{"rendered":"\t\t\t<link rel=\"stylesheet\" id=\"elementor-post-36636-css\" href=\"https:\/\/squishy-official.com\/de\/wp-content\/uploads\/elementor\/css\/post-36636.css?ver=1775281964\" type=\"text\/css\" media=\"all\">\n\t\t\t\t\t<div data-elementor-type=\"wp-post\" data-elementor-id=\"36636\" class=\"elementor elementor-36636\" data-elementor-post-type=\"cms_block\">\n\t\t\t\t<div class=\"wd-negative-gap elementor-element elementor-element-613ad3d8 e-flex e-con-boxed e-con e-parent\" data-id=\"613ad3d8\" data-element_type=\"container\" data-settings=\"{&quot;background_background&quot;:&quot;gradient&quot;}\">\n\t\t\t\t\t<div class=\"e-con-inner\">\n\t\t<div class=\"elementor-element elementor-element-44ca789e e-con-full e-flex e-con e-child\" data-id=\"44ca789e\" data-element_type=\"container\">\n\t\t\t\t<div class=\"elementor-element elementor-element-6bafb08 elementor-widget elementor-widget-heading\" data-id=\"6bafb08\" data-element_type=\"widget\" data-widget_type=\"heading.default\">\n\t\t\t\t<div class=\"elementor-widget-container\">\n\t\t\t\t\t<h2 class=\"elementor-heading-title elementor-size-default\"><h2>Befreie Deinen Energischen Squishy Zombie Freund!<\/h2><\/h2>\t\t\t\t<\/div>\n\t\t\t\t<\/div>\n\t\t\t\t<div class=\"elementor-element elementor-element-4f4ffb64 color-scheme-inherit text-left elementor-widget elementor-widget-text-editor\" data-id=\"4f4ffb64\" data-element_type=\"widget\" data-widget_type=\"text-editor.default\">\n\t\t\t\t<div class=\"elementor-widget-container\">\n\t\t\t\t\t\t\t\t\t<p>Tauchen Sie ein in eine verzauberte Welt mit diesem <strong>Squishy Zombie<\/strong>, Ihrem idealen Begleiter f\u00fcr ein <strong>Halloween<\/strong> voller Magie! Egal, ob Sie sich <strong>entspannen<\/strong> m\u00f6chten, indem Sie ihn dr\u00fccken, oder ihn einfach nur umarmen wollen, er vertreibt den <strong>Stress<\/strong> und weckt die Fantasie. Dieses bezaubernde Spielzeug, perfekt als <strong>Dekoration<\/strong> oder als <strong>\u00dcberraschungsgeschenk<\/strong>, besteht aus <strong>hochwertigem<\/strong> PU-Schaum, der stundenlangen Spa\u00df und Haltbarkeit verspricht!<\/p>\t\t\t\t\t\t\t\t<\/div>\n\t\t\t\t<\/div>\n\t\t\t\t<\/div>\n\t\t<div class=\"elementor-element elementor-element-7e94fd75 e-con-full e-flex e-con e-child\" data-id=\"7e94fd75\" data-element_type=\"container\">\n\t\t\t\t<div class=\"elementor-element elementor-element-3149ba8c elementor-widget elementor-widget-image\" data-id=\"3149ba8c\" data-element_type=\"widget\" data-widget_type=\"image.default\">\n\t\t\t\t<div class=\"elementor-widget-container\">\n\t\t\t\t\t\t\t\t\t\t\t\t\t\t\t<img fetchpriority=\"high\" decoding=\"async\" width=\"1000\" height=\"1000\" src=\"https:\/\/squishy-official.com\/de\/wp-content\/uploads\/2024\/11\/32664_1-1.jpg?wsr\" class=\"attachment-full size-full wp-image-35883\" alt=\"\" srcset=\"https:\/\/squishy-official.com\/de\/wp-content\/uploads\/2024\/11\/32664_1-1.jpg 1000w, https:\/\/squishy-official.com\/de\/wp-content\/uploads\/2024\/11\/32664_1-1-280x280.jpg 280w, https:\/\/squishy-official.com\/de\/wp-content\/uploads\/2024\/11\/32664_1-1-400x400.jpg 400w, https:\/\/squishy-official.com\/de\/wp-content\/uploads\/2024\/11\/32664_1-1-768x768.jpg 768w, https:\/\/squishy-official.com\/de\/wp-content\/uploads\/2024\/11\/32664_1-1-800x800.jpg 800w, https:\/\/squishy-official.com\/de\/wp-content\/uploads\/2024\/11\/32664_1-1-600x600.jpg 600w, https:\/\/squishy-official.com\/de\/wp-content\/uploads\/2024\/11\/32664_1-1-150x150.jpg 150w, https:\/\/squishy-official.com\/de\/wp-content\/uploads\/2024\/11\/32664_1-1-50x50.jpg 50w, https:\/\/squishy-official.com\/de\/wp-content\/uploads\/2024\/11\/32664_1-1-100x100.jpg 100w\" sizes=\"(max-width: 1000px) 100vw, 1000px\" \/>\t\t\t\t\t\t\t\t\t\t\t\t\t\t\t<\/div>\n\t\t\t\t<\/div>\n\t\t\t\t<\/div>\n\t\t\t\t\t<\/div>\n\t\t\t\t<\/div>\n\t\t<div class=\"wd-negative-gap elementor-element elementor-element-3343127a e-flex e-con-boxed e-con e-parent\" data-id=\"3343127a\" data-element_type=\"container\">\n\t\t\t\t\t<div class=\"e-con-inner\">\n\t\t\t\t<div class=\"elementor-element elementor-element-1c734744 elementor-widget elementor-widget-spacer\" data-id=\"1c734744\" data-element_type=\"widget\" data-widget_type=\"spacer.default\">\n\t\t\t\t<div class=\"elementor-widget-container\">\n\t\t\t\t\t\t\t<div class=\"elementor-spacer\">\n\t\t\t<div class=\"elementor-spacer-inner\"><\/div>\n\t\t<\/div>\n\t\t\t\t\t\t<\/div>\n\t\t\t\t<\/div>\n\t\t\t\t\t<\/div>\n\t\t\t\t<\/div>\n\t\t<div class=\"wd-negative-gap elementor-element elementor-element-12bced3b e-flex e-con-boxed e-con e-parent\" data-id=\"12bced3b\" data-element_type=\"container\" data-settings=\"{&quot;background_background&quot;:&quot;gradient&quot;}\">\n\t\t\t\t\t<div class=\"e-con-inner\">\n\t\t<div class=\"elementor-element elementor-element-35ee848e e-con-full e-flex e-con e-child\" data-id=\"35ee848e\" data-element_type=\"container\">\n\t\t\t\t<div class=\"elementor-element elementor-element-22fa2e27 elementor-widget elementor-widget-image\" data-id=\"22fa2e27\" data-element_type=\"widget\" data-widget_type=\"image.default\">\n\t\t\t\t<div class=\"elementor-widget-container\">\n\t\t\t\t\t\t\t\t\t\t\t\t\t\t\t<img decoding=\"async\" width=\"1000\" height=\"1000\" src=\"https:\/\/squishy-official.com\/de\/wp-content\/uploads\/2024\/11\/32664_2-1.jpg?wsr\" class=\"attachment-full size-full wp-image-35884\" alt=\"\" srcset=\"https:\/\/squishy-official.com\/de\/wp-content\/uploads\/2024\/11\/32664_2-1.jpg 1000w, https:\/\/squishy-official.com\/de\/wp-content\/uploads\/2024\/11\/32664_2-1-280x280.jpg 280w, https:\/\/squishy-official.com\/de\/wp-content\/uploads\/2024\/11\/32664_2-1-400x400.jpg 400w, https:\/\/squishy-official.com\/de\/wp-content\/uploads\/2024\/11\/32664_2-1-768x768.jpg 768w, https:\/\/squishy-official.com\/de\/wp-content\/uploads\/2024\/11\/32664_2-1-800x800.jpg 800w, https:\/\/squishy-official.com\/de\/wp-content\/uploads\/2024\/11\/32664_2-1-600x600.jpg 600w, https:\/\/squishy-official.com\/de\/wp-content\/uploads\/2024\/11\/32664_2-1-150x150.jpg 150w, https:\/\/squishy-official.com\/de\/wp-content\/uploads\/2024\/11\/32664_2-1-50x50.jpg 50w, https:\/\/squishy-official.com\/de\/wp-content\/uploads\/2024\/11\/32664_2-1-100x100.jpg 100w\" sizes=\"(max-width: 1000px) 100vw, 1000px\" \/>\t\t\t\t\t\t\t\t\t\t\t\t\t\t\t<\/div>\n\t\t\t\t<\/div>\n\t\t\t\t<\/div>\n\t\t<div class=\"elementor-element elementor-element-14ecb7d2 e-con-full e-flex e-con e-child\" data-id=\"14ecb7d2\" data-element_type=\"container\">\n\t\t\t\t<div class=\"elementor-element elementor-element-4ea6deb1 elementor-widget elementor-widget-heading\" data-id=\"4ea6deb1\" data-element_type=\"widget\" data-widget_type=\"heading.default\">\n\t\t\t\t<div class=\"elementor-widget-container\">\n\t\t\t\t\t<h2 class=\"elementor-heading-title elementor-size-default\"><h2>Fange deinen Squishy Zombie, bevor er magisch entkommt!<\/h2><\/h2>\t\t\t\t<\/div>\n\t\t\t\t<\/div>\n\t\t\t\t<div class=\"elementor-element elementor-element-3d5378b1 color-scheme-inherit text-left elementor-widget elementor-widget-text-editor\" data-id=\"3d5378b1\" data-element_type=\"widget\" data-widget_type=\"text-editor.default\">\n\t\t\t\t<div class=\"elementor-widget-container\">\n\t\t\t\t\t\t\t\t\t<p>Betreten Sie das Universum der Wunder mit diesem <strong>Sammlerst\u00fcck<\/strong>, das die Augen kleiner Entdecker und gro\u00dfer Tr\u00e4umer zum Funkeln bringt. Legen Sie es in Ihren <strong>Einkaufswagen<\/strong> f\u00fcr ein <strong>lustiges<\/strong> und leicht <strong>gruseliges<\/strong> Abenteuer, das Ihr Reich der Vorstellungskraft erhellen wird!<\/p>\t\t\t\t\t\t\t\t<\/div>\n\t\t\t\t<\/div>\n\t\t\t\t<\/div>\n\t\t\t\t\t<\/div>\n\t\t\t\t<\/div>\n\t\t<div class=\"wd-negative-gap elementor-element elementor-element-15d9d8c7 e-flex e-con-boxed e-con e-parent\" data-id=\"15d9d8c7\" data-element_type=\"container\">\n\t\t\t\t\t<div class=\"e-con-inner\">\n\t\t\t\t<div class=\"elementor-element elementor-element-8c58ad7 elementor-widget elementor-widget-spacer\" data-id=\"8c58ad7\" data-element_type=\"widget\" data-widget_type=\"spacer.default\">\n\t\t\t\t<div class=\"elementor-widget-container\">\n\t\t\t\t\t\t\t<div class=\"elementor-spacer\">\n\t\t\t<div class=\"elementor-spacer-inner\"><\/div>\n\t\t<\/div>\n\t\t\t\t\t\t<\/div>\n\t\t\t\t<\/div>\n\t\t\t\t\t<\/div>\n\t\t\t\t<\/div>\n\t\t<div class=\"elementor-element elementor-element-1f990154 e-con-full e-flex e-con e-parent\" data-id=\"1f990154\" data-element_type=\"container\" data-settings=\"{&quot;background_background&quot;:&quot;gradient&quot;}\">\n\t\t<div class=\"elementor-element elementor-element-2f74486f e-con-full e-flex e-con e-child\" data-id=\"2f74486f\" data-element_type=\"container\">\n\t\t\t\t<div class=\"elementor-element elementor-element-5280161b color-scheme-inherit text-left elementor-widget elementor-widget-text-editor\" data-id=\"5280161b\" data-element_type=\"widget\" data-widget_type=\"text-editor.default\">\n\t\t\t\t<div class=\"elementor-widget-container\">\n\t\t\t\t\t\t\t\t\t<p>Mach dich bereit, ein <strong>gruseliges<\/strong> und <strong>adorables<\/strong> Abenteuer mit unseren Halloween-Squishies zu erleben! Lust, ein <strong>lustige<\/strong> <strong>K\u00fcrbis<\/strong> oder ein <strong>sanfter<\/strong> <strong>Geist<\/strong> zu knuddeln? Unsere Squishies sind perfekt, um deiner Feier eine Note von <strong>Spa\u00df<\/strong> und <strong>Magie<\/strong> hinzuzuf\u00fcgen! Dr\u00fccke sie, dehne sie und finde im Handumdrehen dein L\u00e4cheln wieder!  <\/p>\t\t\t\t\t\t\t\t<\/div>\n\t\t\t\t<\/div>\n\t\t\t\t<div class=\"elementor-element elementor-element-cf6d932 elementor-widget elementor-widget-theme-site-logo elementor-widget-image\" data-id=\"cf6d932\" data-element_type=\"widget\" data-widget_type=\"theme-site-logo.default\">\n\t\t\t\t<div class=\"elementor-widget-container\">\n\t\t\t\t\t\t\t\t\t\t\t<a href=\"https:\/\/squishy-official.com\/de\">\n\t\t\t<img decoding=\"async\" width=\"340\" height=\"150\" src=\"https:\/\/squishy-official.com\/de\/wp-content\/uploads\/2024\/11\/Sans-titre-340-x-150-px-5.png?wsr\" class=\"attachment-full size-full wp-image-35377\" alt=\"\" srcset=\"https:\/\/squishy-official.com\/de\/wp-content\/uploads\/2024\/11\/Sans-titre-340-x-150-px-5.png 340w, https:\/\/squishy-official.com\/de\/wp-content\/uploads\/2024\/11\/Sans-titre-340-x-150-px-5-150x66.png 150w\" sizes=\"(max-width: 340px) 100vw, 340px\" \/>\t\t\t\t<\/a>\n\t\t\t\t\t\t\t\t\t\t\t<\/div>\n\t\t\t\t<\/div>\n\t\t\t\t<\/div>\n\t\t<div class=\"elementor-element elementor-element-4fdb760a e-con-full e-flex e-con e-child\" data-id=\"4fdb760a\" data-element_type=\"container\">\n\t\t\t\t<div class=\"elementor-element elementor-element-339c0bc6 elementor-widget-mobile__width-inherit elementor-widget elementor-widget-image\" data-id=\"339c0bc6\" data-element_type=\"widget\" data-widget_type=\"image.default\">\n\t\t\t\t<div class=\"elementor-widget-container\">\n\t\t\t\t\t\t\t\t\t\t\t\t\t\t\t<img loading=\"lazy\" decoding=\"async\" width=\"1312\" height=\"736\" src=\"https:\/\/squishy-official.com\/de\/wp-content\/uploads\/2025\/02\/a-banner-image-of-a-halloween-themed-squishy-the-s-Gqq4K03tQcmI0o74pZp39Q-UMB2hlUjRcSmcDGJpXLFyQ-1.png?wsr\" class=\"attachment-full size-full wp-image-37841\" alt=\"\" srcset=\"https:\/\/squishy-official.com\/de\/wp-content\/uploads\/2025\/02\/a-banner-image-of-a-halloween-themed-squishy-the-s-Gqq4K03tQcmI0o74pZp39Q-UMB2hlUjRcSmcDGJpXLFyQ-1.png 1312w, https:\/\/squishy-official.com\/de\/wp-content\/uploads\/2025\/02\/a-banner-image-of-a-halloween-themed-squishy-the-s-Gqq4K03tQcmI0o74pZp39Q-UMB2hlUjRcSmcDGJpXLFyQ-1-713x400.png 713w, https:\/\/squishy-official.com\/de\/wp-content\/uploads\/2025\/02\/a-banner-image-of-a-halloween-themed-squishy-the-s-Gqq4K03tQcmI0o74pZp39Q-UMB2hlUjRcSmcDGJpXLFyQ-1-768x431.png 768w, https:\/\/squishy-official.com\/de\/wp-content\/uploads\/2025\/02\/a-banner-image-of-a-halloween-themed-squishy-the-s-Gqq4K03tQcmI0o74pZp39Q-UMB2hlUjRcSmcDGJpXLFyQ-1-600x337.png 600w, https:\/\/squishy-official.com\/de\/wp-content\/uploads\/2025\/02\/a-banner-image-of-a-halloween-themed-squishy-the-s-Gqq4K03tQcmI0o74pZp39Q-UMB2hlUjRcSmcDGJpXLFyQ-1-1200x673.png 1200w, https:\/\/squishy-official.com\/de\/wp-content\/uploads\/2025\/02\/a-banner-image-of-a-halloween-themed-squishy-the-s-Gqq4K03tQcmI0o74pZp39Q-UMB2hlUjRcSmcDGJpXLFyQ-1-150x84.png 150w\" sizes=\"(max-width: 1312px) 100vw, 1312px\" \/>\t\t\t\t\t\t\t\t\t\t\t\t\t\t\t<\/div>\n\t\t\t\t<\/div>\n\t\t\t\t<\/div>\n\t\t\t\t<\/div>\n\t\t<div class=\"wd-negative-gap elementor-element elementor-element-3883b969 e-flex e-con-boxed e-con e-parent\" data-id=\"3883b969\" data-element_type=\"container\">\n\t\t\t\t\t<div class=\"e-con-inner\">\n\t\t\t\t<div class=\"elementor-element elementor-element-699294ec elementor-widget-divider--separator-type-pattern elementor-widget-divider--view-line elementor-widget elementor-widget-divider\" data-id=\"699294ec\" data-element_type=\"widget\" data-widget_type=\"divider.default\">\n\t\t\t\t<div class=\"elementor-widget-container\">\n\t\t\t\t\t\t\t<div class=\"elementor-divider\" style=\"--divider-pattern-url: url(&quot;data:image\/svg+xml,%3Csvg xmlns=&#039;http:\/\/www.w3.org\/2000\/svg&#039; preserveAspectRatio=&#039;none&#039; overflow=&#039;visible&#039; height=&#039;100%&#039; viewBox=&#039;0 0 24 24&#039; fill=&#039;none&#039; stroke=&#039;black&#039; stroke-width=&#039;3&#039; stroke-linecap=&#039;square&#039; stroke-miterlimit=&#039;10&#039;%3E%3Cpath d=&#039;M0,6c6,0,0.9,11.1,6.9,11.1S18,6,24,6&#039;\/%3E%3C\/svg%3E&quot;);\">\n\t\t\t<span class=\"elementor-divider-separator\">\n\t\t\t\t\t\t<\/span>\n\t\t<\/div>\n\t\t\t\t\t\t<\/div>\n\t\t\t\t<\/div>\n\t\t\t\t\t<\/div>\n\t\t\t\t<\/div>\n\t\t\t\t<\/div>\n\t\t\n","protected":false},"excerpt":{"rendered":"<h2>Squishy Zombie &#8211; Ein adorabler Begleiter f\u00fcr Halloween!<\/h2>\n<ul>\n<li>\ud83c\udf83 Perfekt zum Entspannen und Stress abzubauen.<\/li>\n<li>\ud83d\udecd\ufe0f Ideal als Dekoration oder \u00dcberraschungsgeschenk.<\/li>\n<li>\ud83c\udf08 Hergestellt aus hochwertigem PU-Schaum.<\/li>\n<\/ul>\n","protected":false},"featured_media":33756,"template":"","meta":[],"product_brand":[],"product_cat":[555,569,568],"product_tag":[609],"class_list":{"0":"post-32664","1":"product","2":"type-product","3":"status-publish","4":"has-post-thumbnail","6":"product_cat-squishy","7":"product_cat-squishy-figur","8":"product_cat-squishy-halloween","9":"product_tag-squishy-halloween","11":"first","12":"instock","13":"shipping-taxable","14":"purchasable","15":"product-type-simple"},"yoast_head":"<!-- This site is optimized with the Yoast SEO plugin v24.4 - https:\/\/yoast.com\/wordpress\/plugins\/seo\/ -->\n<title>Squishy Zombie - Squishy Zombie -Livraison Gratuite - Squishy Official<\/title>\n<meta name=\"description\" content=\"D\u00e9couvrez notre produit Squishy Zombie - Squishy Zombie de notre site Squishy Official de la cat\u00e9gorie produit Squishy, Squishy Figur, Squishy Halloween . Livraison Gratuite en France.\" \/>\n<meta name=\"robots\" content=\"index, follow, max-snippet:-1, max-image-preview:large, max-video-preview:-1\" \/>\n<link rel=\"canonical\" href=\"https:\/\/squishy-official.com\/de\/produkt\/squishy-zombie-squishy-zombie\/\" \/>\n<meta property=\"og:locale\" content=\"de_DE\" \/>\n<meta property=\"og:type\" content=\"article\" \/>\n<meta property=\"og:title\" content=\"Squishy Zombie - Squishy Zombie -Livraison Gratuite - Squishy Official\" \/>\n<meta property=\"og:description\" content=\"D\u00e9couvrez notre produit Squishy Zombie - Squishy Zombie de notre site Squishy Official de la cat\u00e9gorie produit Squishy, Squishy Figur, Squishy Halloween . Livraison Gratuite en France.\" \/>\n<meta property=\"og:url\" content=\"https:\/\/squishy-official.com\/de\/produkt\/squishy-zombie-squishy-zombie\/\" \/>\n<meta property=\"og:site_name\" content=\"Squishy Official\" \/>\n<meta property=\"article:modified_time\" content=\"2025-02-04T10:56:31+00:00\" \/>\n<meta property=\"og:image\" content=\"https:\/\/squishy-official.com\/de\/wp-content\/uploads\/2024\/11\/squishy-zombie-squishy-zombie.jpg\" \/>\n\t<meta property=\"og:image:width\" content=\"800\" \/>\n\t<meta property=\"og:image:height\" content=\"800\" \/>\n\t<meta property=\"og:image:type\" content=\"image\/jpeg\" \/>\n<meta name=\"twitter:card\" content=\"summary_large_image\" \/>\n<script type=\"application\/ld+json\" class=\"yoast-schema-graph\">{\"@context\":\"https:\/\/schema.org\",\"@graph\":[{\"@type\":\"WebPage\",\"@id\":\"https:\/\/squishy-official.com\/de\/produkt\/squishy-zombie-squishy-zombie\/\",\"url\":\"https:\/\/squishy-official.com\/de\/produkt\/squishy-zombie-squishy-zombie\/\",\"name\":\"Squishy Zombie - Squishy Zombie -Livraison Gratuite - Squishy Official\",\"isPartOf\":{\"@id\":\"https:\/\/squishy-official.com\/de\/#website\"},\"primaryImageOfPage\":{\"@id\":\"https:\/\/squishy-official.com\/de\/produkt\/squishy-zombie-squishy-zombie\/#primaryimage\"},\"image\":{\"@id\":\"https:\/\/squishy-official.com\/de\/produkt\/squishy-zombie-squishy-zombie\/#primaryimage\"},\"thumbnailUrl\":\"https:\/\/squishy-official.com\/de\/wp-content\/uploads\/2024\/11\/squishy-zombie-squishy-zombie.jpg?wsr\",\"datePublished\":\"2024-11-02T15:42:05+00:00\",\"dateModified\":\"2025-02-04T10:56:31+00:00\",\"description\":\"D\u00e9couvrez notre produit Squishy Zombie - Squishy Zombie de notre site Squishy Official de la cat\u00e9gorie produit Squishy, Squishy Figur, Squishy Halloween . Livraison Gratuite en France.\",\"breadcrumb\":{\"@id\":\"https:\/\/squishy-official.com\/de\/produkt\/squishy-zombie-squishy-zombie\/#breadcrumb\"},\"inLanguage\":\"de\",\"potentialAction\":[{\"@type\":\"ReadAction\",\"target\":[\"https:\/\/squishy-official.com\/de\/produkt\/squishy-zombie-squishy-zombie\/\"]}]},{\"@type\":\"ImageObject\",\"inLanguage\":\"de\",\"@id\":\"https:\/\/squishy-official.com\/de\/produkt\/squishy-zombie-squishy-zombie\/#primaryimage\",\"url\":\"https:\/\/squishy-official.com\/de\/wp-content\/uploads\/2024\/11\/squishy-zombie-squishy-zombie.jpg?wsr\",\"contentUrl\":\"https:\/\/squishy-official.com\/de\/wp-content\/uploads\/2024\/11\/squishy-zombie-squishy-zombie.jpg?wsr\",\"width\":800,\"height\":800,\"caption\":\"Squishy Zombie - Squishy Zombie\"},{\"@type\":\"BreadcrumbList\",\"@id\":\"https:\/\/squishy-official.com\/de\/produkt\/squishy-zombie-squishy-zombie\/#breadcrumb\",\"itemListElement\":[{\"@type\":\"ListItem\",\"position\":1,\"name\":\"Accueil\",\"item\":\"https:\/\/squishy-official.com\/de\/\"},{\"@type\":\"ListItem\",\"position\":2,\"name\":\"Shop\",\"item\":\"https:\/\/squishy-official.com\/de\/shop\/\"},{\"@type\":\"ListItem\",\"position\":3,\"name\":\"Squishy Zombie &#8211; Squishy Zombie\"}]},{\"@type\":\"WebSite\",\"@id\":\"https:\/\/squishy-official.com\/de\/#website\",\"url\":\"https:\/\/squishy-official.com\/de\/\",\"name\":\"Squishy Official\",\"description\":\"Entdecken Sie Squishy Official, Ihren Online-Shop, der sich den originellen und hochwertigen Squishies widmet. G\u00f6nnen Sie sich Momente der Entspannung und des Genusses mit unseren einzigartigen Squishies, die perfekt f\u00fcr alle Altersgruppen sind! Schnelle Lieferung und garantierte Zufriedenheit.\",\"publisher\":{\"@id\":\"https:\/\/squishy-official.com\/de\/#organization\"},\"potentialAction\":[{\"@type\":\"SearchAction\",\"target\":{\"@type\":\"EntryPoint\",\"urlTemplate\":\"https:\/\/squishy-official.com\/de\/?s={search_term_string}\"},\"query-input\":{\"@type\":\"PropertyValueSpecification\",\"valueRequired\":true,\"valueName\":\"search_term_string\"}}],\"inLanguage\":\"de\"},{\"@type\":\"Organization\",\"@id\":\"https:\/\/squishy-official.com\/de\/#organization\",\"name\":\"Squishy Official\",\"url\":\"https:\/\/squishy-official.com\/de\/\",\"logo\":{\"@type\":\"ImageObject\",\"inLanguage\":\"de\",\"@id\":\"https:\/\/squishy-official.com\/de\/#\/schema\/logo\/image\/\",\"url\":\"https:\/\/squishy-official.com\/de\/wp-content\/uploads\/2024\/11\/Sans-titre-340-x-150-px-5.png?wsr\",\"contentUrl\":\"https:\/\/squishy-official.com\/de\/wp-content\/uploads\/2024\/11\/Sans-titre-340-x-150-px-5.png?wsr\",\"width\":340,\"height\":150,\"caption\":\"Squishy Official\"},\"image\":{\"@id\":\"https:\/\/squishy-official.com\/de\/#\/schema\/logo\/image\/\"}}]}<\/script>\n<!-- \/ Yoast SEO plugin. -->","yoast_head_json":{"title":"Squishy Zombie - Squishy Zombie -Livraison Gratuite - Squishy Official","description":"D\u00e9couvrez notre produit Squishy Zombie - Squishy Zombie de notre site Squishy Official de la cat\u00e9gorie produit Squishy, Squishy Figur, Squishy Halloween . Livraison Gratuite en France.","robots":{"index":"index","follow":"follow","max-snippet":"max-snippet:-1","max-image-preview":"max-image-preview:large","max-video-preview":"max-video-preview:-1"},"canonical":"https:\/\/squishy-official.com\/de\/produkt\/squishy-zombie-squishy-zombie\/","og_locale":"de_DE","og_type":"article","og_title":"Squishy Zombie - Squishy Zombie -Livraison Gratuite - Squishy Official","og_description":"D\u00e9couvrez notre produit Squishy Zombie - Squishy Zombie de notre site Squishy Official de la cat\u00e9gorie produit Squishy, Squishy Figur, Squishy Halloween . Livraison Gratuite en France.","og_url":"https:\/\/squishy-official.com\/de\/produkt\/squishy-zombie-squishy-zombie\/","og_site_name":"Squishy Official","article_modified_time":"2025-02-04T10:56:31+00:00","og_image":[{"width":800,"height":800,"url":"https:\/\/squishy-official.com\/de\/wp-content\/uploads\/2024\/11\/squishy-zombie-squishy-zombie.jpg","type":"image\/jpeg"}],"twitter_card":"summary_large_image","schema":{"@context":"https:\/\/schema.org","@graph":[{"@type":"WebPage","@id":"https:\/\/squishy-official.com\/de\/produkt\/squishy-zombie-squishy-zombie\/","url":"https:\/\/squishy-official.com\/de\/produkt\/squishy-zombie-squishy-zombie\/","name":"Squishy Zombie - Squishy Zombie -Livraison Gratuite - Squishy Official","isPartOf":{"@id":"https:\/\/squishy-official.com\/de\/#website"},"primaryImageOfPage":{"@id":"https:\/\/squishy-official.com\/de\/produkt\/squishy-zombie-squishy-zombie\/#primaryimage"},"image":{"@id":"https:\/\/squishy-official.com\/de\/produkt\/squishy-zombie-squishy-zombie\/#primaryimage"},"thumbnailUrl":"https:\/\/squishy-official.com\/de\/wp-content\/uploads\/2024\/11\/squishy-zombie-squishy-zombie.jpg?wsr","datePublished":"2024-11-02T15:42:05+00:00","dateModified":"2025-02-04T10:56:31+00:00","description":"D\u00e9couvrez notre produit Squishy Zombie - Squishy Zombie de notre site Squishy Official de la cat\u00e9gorie produit Squishy, Squishy Figur, Squishy Halloween . Livraison Gratuite en France.","breadcrumb":{"@id":"https:\/\/squishy-official.com\/de\/produkt\/squishy-zombie-squishy-zombie\/#breadcrumb"},"inLanguage":"de","potentialAction":[{"@type":"ReadAction","target":["https:\/\/squishy-official.com\/de\/produkt\/squishy-zombie-squishy-zombie\/"]}]},{"@type":"ImageObject","inLanguage":"de","@id":"https:\/\/squishy-official.com\/de\/produkt\/squishy-zombie-squishy-zombie\/#primaryimage","url":"https:\/\/squishy-official.com\/de\/wp-content\/uploads\/2024\/11\/squishy-zombie-squishy-zombie.jpg?wsr","contentUrl":"https:\/\/squishy-official.com\/de\/wp-content\/uploads\/2024\/11\/squishy-zombie-squishy-zombie.jpg?wsr","width":800,"height":800,"caption":"Squishy Zombie - Squishy Zombie"},{"@type":"BreadcrumbList","@id":"https:\/\/squishy-official.com\/de\/produkt\/squishy-zombie-squishy-zombie\/#breadcrumb","itemListElement":[{"@type":"ListItem","position":1,"name":"Accueil","item":"https:\/\/squishy-official.com\/de\/"},{"@type":"ListItem","position":2,"name":"Shop","item":"https:\/\/squishy-official.com\/de\/shop\/"},{"@type":"ListItem","position":3,"name":"Squishy Zombie &#8211; Squishy Zombie"}]},{"@type":"WebSite","@id":"https:\/\/squishy-official.com\/de\/#website","url":"https:\/\/squishy-official.com\/de\/","name":"Squishy Official","description":"Entdecken Sie Squishy Official, Ihren Online-Shop, der sich den originellen und hochwertigen Squishies widmet. G\u00f6nnen Sie sich Momente der Entspannung und des Genusses mit unseren einzigartigen Squishies, die perfekt f\u00fcr alle Altersgruppen sind! Schnelle Lieferung und garantierte Zufriedenheit.","publisher":{"@id":"https:\/\/squishy-official.com\/de\/#organization"},"potentialAction":[{"@type":"SearchAction","target":{"@type":"EntryPoint","urlTemplate":"https:\/\/squishy-official.com\/de\/?s={search_term_string}"},"query-input":{"@type":"PropertyValueSpecification","valueRequired":true,"valueName":"search_term_string"}}],"inLanguage":"de"},{"@type":"Organization","@id":"https:\/\/squishy-official.com\/de\/#organization","name":"Squishy Official","url":"https:\/\/squishy-official.com\/de\/","logo":{"@type":"ImageObject","inLanguage":"de","@id":"https:\/\/squishy-official.com\/de\/#\/schema\/logo\/image\/","url":"https:\/\/squishy-official.com\/de\/wp-content\/uploads\/2024\/11\/Sans-titre-340-x-150-px-5.png?wsr","contentUrl":"https:\/\/squishy-official.com\/de\/wp-content\/uploads\/2024\/11\/Sans-titre-340-x-150-px-5.png?wsr","width":340,"height":150,"caption":"Squishy Official"},"image":{"@id":"https:\/\/squishy-official.com\/de\/#\/schema\/logo\/image\/"}}]}},"_links":{"self":[{"href":"https:\/\/squishy-official.com\/de\/wp-json\/wp\/v2\/product\/32664","targetHints":{"allow":["GET"]}}],"collection":[{"href":"https:\/\/squishy-official.com\/de\/wp-json\/wp\/v2\/product"}],"about":[{"href":"https:\/\/squishy-official.com\/de\/wp-json\/wp\/v2\/types\/product"}],"version-history":[{"count":4,"href":"https:\/\/squishy-official.com\/de\/wp-json\/wp\/v2\/product\/32664\/revisions"}],"predecessor-version":[{"id":37421,"href":"https:\/\/squishy-official.com\/de\/wp-json\/wp\/v2\/product\/32664\/revisions\/37421"}],"wp:featuredmedia":[{"embeddable":true,"href":"https:\/\/squishy-official.com\/de\/wp-json\/wp\/v2\/media\/33756"}],"wp:attachment":[{"href":"https:\/\/squishy-official.com\/de\/wp-json\/wp\/v2\/media?parent=32664"}],"wp:term":[{"taxonomy":"product_brand","embeddable":true,"href":"https:\/\/squishy-official.com\/de\/wp-json\/wp\/v2\/product_brand?post=32664"},{"taxonomy":"product_cat","embeddable":true,"href":"https:\/\/squishy-official.com\/de\/wp-json\/wp\/v2\/product_cat?post=32664"},{"taxonomy":"product_tag","embeddable":true,"href":"https:\/\/squishy-official.com\/de\/wp-json\/wp\/v2\/product_tag?post=32664"}],"curies":[{"name":"wp","href":"https:\/\/api.w.org\/{rel}","templated":true}]}}